{"id":934,"date":"2025-12-31T17:17:53","date_gmt":"2025-12-31T17:17:53","guid":{"rendered":"https:\/\/pixaniadesarrollos.com\/tributo\/?page_id=934"},"modified":"2025-12-31T17:21:56","modified_gmt":"2025-12-31T17:21:56","slug":"aviso-de-privacidad","status":"publish","type":"page","link":"https:\/\/pixaniadesarrollos.com\/tributo\/aviso-de-privacidad\/","title":{"rendered":"Aviso de privacidad"},"content":{"rendered":"\t\t<div data-elementor-type=\"wp-page\" data-elementor-id=\"934\" class=\"elementor elementor-934\" data-elementor-post-type=\"page\">\n\t\t\t\t<div class=\"elementor-element elementor-element-bfb2267 e-flex e-con-boxed e-con e-parent\" data-id=\"bfb2267\" data-element_type=\"container\">\n\t\t\t\t\t<div class=\"e-con-inner\">\n\t\t<div class=\"elementor-element elementor-element-17ff347 e-con-full e-flex e-con e-child\" data-id=\"17ff347\" data-element_type=\"container\">\n\t\t\t\t<div class=\"elementor-element elementor-element-852f485 elementor-widget elementor-widget-heading\" data-id=\"852f485\" data-element_type=\"widget\" data-widget_type=\"heading.default\">\n\t\t\t\t<div class=\"elementor-widget-container\">\n\t\t\t\t\t<h2 class=\"elementor-heading-title elementor-size-default\">Aviso de privacidad<\/h2>\t\t\t\t<\/div>\n\t\t\t\t<\/div>\n\t\t\t\t<\/div>\n\t\t\t\t\t<\/div>\n\t\t\t\t<\/div>\n\t\t<div class=\"elementor-element elementor-element-808110b e-flex e-con-boxed e-con e-parent\" data-id=\"808110b\" data-element_type=\"container\">\n\t\t\t\t\t<div class=\"e-con-inner\">\n\t\t<div class=\"elementor-element elementor-element-2ed043e e-con-full e-flex e-con e-child\" data-id=\"2ed043e\" data-element_type=\"container\">\n\t\t\t\t<div class=\"elementor-element elementor-element-d59efac elementor-widget elementor-widget-text-editor\" data-id=\"d59efac\" data-element_type=\"widget\" data-widget_type=\"text-editor.default\">\n\t\t\t\t<div class=\"elementor-widget-container\">\n\t\t\t\t\t\t\t\t\t<p><b>PROYECTOS PIXANIA SA DE CV<\/b><span style=\"font-weight: 400;\">, en adelante &#8220;La Empresa&#8221;, con domicilio en Calle Dakota 95, Torre C, Depto D 803, Colonia N\u00e1poles, C\u00f3digo Postal 03810, Alcald\u00eda Benito Ju\u00e1rez, Ciudad de M\u00e9xico, M\u00e9xico, es el responsable del tratamiento de sus datos personales.<\/span><\/p>\t\t\t\t\t\t\t\t<\/div>\n\t\t\t\t<\/div>\n\t\t\t\t<div class=\"elementor-element elementor-element-9d8c986 elementor-widget elementor-widget-text-editor\" data-id=\"9d8c986\" data-element_type=\"widget\" data-widget_type=\"text-editor.default\">\n\t\t\t\t<div class=\"elementor-widget-container\">\n\t\t\t\t\t\t\t\t\t<ol><li><span style=\"font-weight: 400;\"> Datos Personales Recabados<\/span><\/li><\/ol><p><span style=\"font-weight: 400;\">Para cumplir con las finalidades descritas, recabaremos: nombre completo, correo electr\u00f3nico, n\u00fameros telef\u00f3nicos (fijo y m\u00f3vil), RFC, domicilio y datos relacionados con sus necesidades inmobiliarias.<\/span><\/p><ol start=\"2\"><li><span style=\"font-weight: 400;\"> Finalidades del Tratamiento<\/span><\/li><\/ol><ul><li style=\"font-weight: 400;\" aria-level=\"1\"><b>Finalidades Primarias:<\/b><span style=\"font-weight: 400;\"> Gestionar su solicitud de informaci\u00f3n sobre desarrollos inmobiliarios, dar seguimiento a posibles contratos de compraventa o arrendamiento y cumplir con obligaciones legales.<\/span><\/li><li style=\"font-weight: 400;\" aria-level=\"1\"><b>Finalidades Secundarias:<\/b><span style=\"font-weight: 400;\"> Env\u00edo de boletines, promociones, actualizaciones de proyectos y marketing mediante correo electr\u00f3nico y <\/span><b>mensajes SMS (A2P)<\/b><span style=\"font-weight: 400;\">.<\/span><\/li><\/ul><p><b>Uso de SMS:<\/b><span style=\"font-weight: 400;\"> Al proporcionar su n\u00famero m\u00f3vil y completar nuestros formularios en <\/span><a href=\"https:\/\/pixaniadesarrollos.com\"><b>https:\/\/pixaniadesarrollos.com<\/b><\/a><span style=\"font-weight: 400;\">, usted acepta expresamente recibir comunicaciones de texto. Puede cancelar esta suscripci\u00f3n en cualquier momento respondiendo con la palabra &#8220;STOP&#8221; a nuestros mensajes.<\/span><\/p><ol start=\"3\"><li><span style=\"font-weight: 400;\"> Derechos ARCO y Revocaci\u00f3n<\/span><\/li><\/ol><p><span style=\"font-weight: 400;\">Usted tiene derecho a Acceder, Rectificar, Cancelar u Oponerse al tratamiento de sus datos. Para ejercer estos derechos o revocar su consentimiento, debe enviar una solicitud detallada al correo electr\u00f3nico: <\/span><a href=\"mailto:alan@proyectospixania.com\"><b>alan@proyectospixania.com<\/b><\/a><span style=\"font-weight: 400;\">.<\/span><\/p><ol start=\"4\"><li><span style=\"font-weight: 400;\"> Cambios al Aviso<\/span><\/li><\/ol><p><span style=\"font-weight: 400;\">Cualquier modificaci\u00f3n a este aviso ser\u00e1 publicada en nuestro sitio web: <\/span><a href=\"https:\/\/pixaniadesarrollos.com\/\"><b>https:\/\/pixaniadesarrollos.com\/<\/b><\/a><span style=\"font-weight: 400;\">.<\/span><\/p>\t\t\t\t\t\t\t\t<\/div>\n\t\t\t\t<\/div>\n\t\t\t\t<\/div>\n\t\t\t\t\t<\/div>\n\t\t\t\t<\/div>\n\t\t\t\t<\/div>\n\t\t","protected":false},"excerpt":{"rendered":"<p>Aviso de privacidad PROYECTOS PIXANIA SA DE CV, en adelante &#8220;La Empresa&#8221;, con domicilio en Calle Dakota 95, Torre C, Depto D 803, Colonia N\u00e1poles, C\u00f3digo Postal 03810, Alcald\u00eda Benito Ju\u00e1rez, Ciudad de M\u00e9xico, M\u00e9xico, es el responsable del tratamiento de sus datos personales. Datos Personales Recabados Para cumplir con las finalidades descritas, recabaremos: nombre [&hellip;]<\/p>\n","protected":false},"author":1,"featured_media":0,"parent":0,"menu_order":0,"comment_status":"closed","ping_status":"closed","template":"","meta":{"footnotes":""},"class_list":["post-934","page","type-page","status-publish","hentry"],"_links":{"self":[{"href":"https:\/\/pixaniadesarrollos.com\/tributo\/wp-json\/wp\/v2\/pages\/934","targetHints":{"allow":["GET"]}}],"collection":[{"href":"https:\/\/pixaniadesarrollos.com\/tributo\/wp-json\/wp\/v2\/pages"}],"about":[{"href":"https:\/\/pixaniadesarrollos.com\/tributo\/wp-json\/wp\/v2\/types\/page"}],"author":[{"embeddable":true,"href":"https:\/\/pixaniadesarrollos.com\/tributo\/wp-json\/wp\/v2\/users\/1"}],"replies":[{"embeddable":true,"href":"https:\/\/pixaniadesarrollos.com\/tributo\/wp-json\/wp\/v2\/comments?post=934"}],"version-history":[{"count":7,"href":"https:\/\/pixaniadesarrollos.com\/tributo\/wp-json\/wp\/v2\/pages\/934\/revisions"}],"predecessor-version":[{"id":942,"href":"https:\/\/pixaniadesarrollos.com\/tributo\/wp-json\/wp\/v2\/pages\/934\/revisions\/942"}],"wp:attachment":[{"href":"https:\/\/pixaniadesarrollos.com\/tributo\/wp-json\/wp\/v2\/media?parent=934"}],"curies":[{"name":"wp","href":"https:\/\/api.w.org\/{rel}","templated":true}]}}